{"id":167,"date":"2018-06-19T13:40:31","date_gmt":"2018-06-19T18:40:31","guid":{"rendered":"https:\/\/displaypublicitarios.pe\/?product=rock-n-roll-yellow-printed-tshirt"},"modified":"2023-06-01T17:27:17","modified_gmt":"2023-06-01T22:27:17","slug":"pizarra-led-90x70-iluminacion-fluorescente","status":"publish","type":"product","link":"https:\/\/displaypublicitarios.pe\/?product=pizarra-led-90x70-iluminacion-fluorescente","title":{"rendered":"Pizarra Led 90&#215;70 iluminacion fluorescente"},"content":{"rendered":"","protected":false},"excerpt":{"rendered":"<p>Pizarra Negra LED de 90&#215;70 con iluminaci\u00f3n fluorescente, incluye 8 marcadores de colores ne\u00f3n .\u00a1Atrae la atenci\u00f3n de tu p\u00fablico con llamativos anuncios en tu bar, discoteca, restaurante, pizzer\u00eda o cafeter\u00eda!.<\/p>\n<p>Venta por internet<br \/>\nStock disponible<br \/>\ncontrol de programaci\u00f3n de luces<br \/>\n8 plumones de colores<\/p>\n<p><a href=\"https:\/\/api.whatsapp.com\/send\/?phone=51936006335&amp;text=%C2%A1Hola+Display+Publicitarios%21%0ASolicito+cotizaci%C3%B3n+de+%2APizarra+Led+90x70+iluminacion+fluorescente%2A.%0Ahttps%3A%2F%2Fdisplaypublicitarios.pe%2F%3Fproduct%3Ddisplay-pizarra-luz-led-90x70%26preview_id%3D167%26preview_nonce%3D2902946d42%26_thumbnail_id%3D4752%26preview%3Dtrue&amp;type=phone_number&amp;app_absent=0\"><img decoding=\"async\" class=\"alignnone wp-image-4682\" src=\"https:\/\/displaypublicitarios.pe\/wp-content\/uploads\/2018\/06\/boton-cotizacion-300x46.png\" alt=\"\" width=\"274\" height=\"42\" srcset=\"https:\/\/displaypublicitarios.pe\/wp-content\/uploads\/2018\/06\/boton-cotizacion-300x46.png 300w, https:\/\/displaypublicitarios.pe\/wp-content\/uploads\/2018\/06\/boton-cotizacion-1024x157.png 1024w, https:\/\/displaypublicitarios.pe\/wp-content\/uploads\/2018\/06\/boton-cotizacion-768x117.png 768w, https:\/\/displaypublicitarios.pe\/wp-content\/uploads\/2018\/06\/boton-cotizacion-600x92.png 600w, https:\/\/displaypublicitarios.pe\/wp-content\/uploads\/2018\/06\/boton-cotizacion.png 1086w\" sizes=\"(max-width: 274px) 100vw, 274px\" \/><\/a><\/p>\n<p><img decoding=\"async\" class=\"alignnone size-full wp-image-4678\" src=\"https:\/\/displaypublicitarios.pe\/wp-content\/uploads\/2018\/06\/proteccion.png\" alt=\"\" width=\"37\" height=\"43\" \/> Producto con garant\u00eda de entrega.\u00a0 \u00a0 <img decoding=\"async\" class=\"alignnone wp-image-4693\" src=\"https:\/\/displaypublicitarios.pe\/wp-content\/uploads\/2018\/06\/envios-delivery.png\" alt=\"\" width=\"46\" height=\"27\" \/>\u00a0Env\u00edos a todo el Per\u00fa.<\/p>\n","protected":false},"featured_media":4752,"template":"","meta":{"_uag_custom_page_level_css":"","site-sidebar-layout":"default","site-content-layout":"default","ast-site-content-layout":"","site-content-style":"default","site-sidebar-style":"default","ast-global-header-display":"","ast-banner-title-visibility":"","ast-main-header-display":"","ast-hfb-above-header-display":"","ast-hfb-below-header-display":"","ast-hfb-mobile-header-display":"","site-post-title":"","ast-breadcrumbs-content":"","ast-featured-img":"","footer-sml-layout":"","theme-transparent-header-meta":"default","adv-header-id-meta":"","stick-header-meta":"","header-above-stick-meta":"","header-main-stick-meta":"","header-below-stick-meta":"","astra-migrate-meta-layouts":"default","ast-page-background-enabled":"default","ast-page-background-meta":{"desktop":{"background-color":"","background-image":"","background-repeat":"repeat","background-position":"center center","background-size":"auto","background-attachment":"scroll","background-type":"","background-media":"","overlay-type":"","overlay-color":"","overlay-gradient":""},"tablet":{"background-color":"","background-image":"","background-repeat":"repeat","background-position":"center center","background-size":"auto","background-attachment":"scroll","background-type":"","background-media":"","overlay-type":"","overlay-color":"","overlay-gradient":""},"mobile":{"background-color":"","background-image":"","background-repeat":"repeat","background-position":"center center","background-size":"auto","background-attachment":"scroll","background-type":"","background-media":"","overlay-type":"","overlay-color":"","overlay-gradient":""}},"ast-content-background-meta":{"desktop":{"background-color":"var(--ast-global-color-5)","background-image":"","background-repeat":"repeat","background-position":"center center","background-size":"auto","background-attachment":"scroll","background-type":"","background-media":"","overlay-type":"","overlay-color":"","overlay-gradient":""},"tablet":{"background-color":"var(--ast-global-color-5)","background-image":"","background-repeat":"repeat","background-position":"center center","background-size":"auto","background-attachment":"scroll","background-type":"","background-media":"","overlay-type":"","overlay-color":"","overlay-gradient":""},"mobile":{"background-color":"var(--ast-global-color-5)","background-image":"","background-repeat":"repeat","background-position":"center center","background-size":"auto","background-attachment":"scroll","background-type":"","background-media":"","overlay-type":"","overlay-color":"","overlay-gradient":""}},"_joinchat":{"telephone":"+51936006335","message_send":"\u00a1Hola {SITE}!\nSolicito cotizaci\u00f3n de *{PRODUCT}*.\n{HREF}"}},"product_brand":[],"product_cat":[95],"product_tag":[],"class_list":{"0":"post-167","1":"product","2":"type-product","3":"status-publish","4":"has-post-thumbnail","6":"product_cat-pizarras-led","7":"desktop-align-center","8":"tablet-align-center","9":"mobile-align-center","11":"first","12":"instock","13":"featured","14":"shipping-taxable","15":"product-type-simple"},"yoast_head":"<!-- This site is optimized with the Yoast SEO plugin v26.6 - https:\/\/yoast.com\/wordpress\/plugins\/seo\/ -->\n<title>Pizarra Led 90x70 iluminacion fluorescente - Display Publicitarios<\/title>\n<meta name=\"description\" content=\"Pizarra Led Publicitaria 90x70 con Marcadores Ne\u00f3n. \u00a1Crea vistosos anuncios para tu bar, discoteca, restaurante o cafeter\u00eda!. Escr\u00edbenos al: +51 936 006 335\" \/>\n<meta name=\"robots\" content=\"index, follow, max-snippet:-1, max-image-preview:large, max-video-preview:-1\" \/>\n<link rel=\"canonical\" href=\"https:\/\/displaypublicitarios.pe\/?product=pizarra-led-90x70-iluminacion-fluorescente\" \/>\n<meta property=\"og:locale\" content=\"es_ES\" \/>\n<meta property=\"og:type\" content=\"article\" \/>\n<meta property=\"og:title\" content=\"Pizarra Led 90x70 iluminacion fluorescente - Display Publicitarios\" \/>\n<meta property=\"og:description\" content=\"Pizarra Led Publicitaria 90x70 con Marcadores Ne\u00f3n. \u00a1Crea vistosos anuncios para tu bar, discoteca, restaurante o cafeter\u00eda!. Escr\u00edbenos al: +51 936 006 335\" \/>\n<meta property=\"og:url\" content=\"https:\/\/displaypublicitarios.pe\/?product=pizarra-led-90x70-iluminacion-fluorescente\" \/>\n<meta property=\"og:site_name\" content=\"Display Publicitarios\" \/>\n<meta property=\"article:publisher\" content=\"https:\/\/www.facebook.com\/parantespublicitarios?ref=hl\" \/>\n<meta property=\"article:modified_time\" content=\"2023-06-01T22:27:17+00:00\" \/>\n<meta property=\"og:image\" content=\"https:\/\/displaypublicitarios.pe\/wp-content\/uploads\/2018\/06\/pizarra-led-90x70-1.png\" \/>\n\t<meta property=\"og:image:width\" content=\"526\" \/>\n\t<meta property=\"og:image:height\" content=\"530\" \/>\n\t<meta property=\"og:image:type\" content=\"image\/png\" \/>\n<meta name=\"twitter:card\" content=\"summary_large_image\" \/>\n<script type=\"application\/ld+json\" class=\"yoast-schema-graph\">{\"@context\":\"https:\/\/schema.org\",\"@graph\":[{\"@type\":\"WebPage\",\"@id\":\"https:\/\/displaypublicitarios.pe\/?product=pizarra-led-90x70-iluminacion-fluorescente\",\"url\":\"https:\/\/displaypublicitarios.pe\/?product=pizarra-led-90x70-iluminacion-fluorescente\",\"name\":\"Pizarra Led 90x70 iluminacion fluorescente - Display Publicitarios\",\"isPartOf\":{\"@id\":\"https:\/\/displaypublicitarios.pe\/#website\"},\"primaryImageOfPage\":{\"@id\":\"https:\/\/displaypublicitarios.pe\/?product=pizarra-led-90x70-iluminacion-fluorescente#primaryimage\"},\"image\":{\"@id\":\"https:\/\/displaypublicitarios.pe\/?product=pizarra-led-90x70-iluminacion-fluorescente#primaryimage\"},\"thumbnailUrl\":\"https:\/\/displaypublicitarios.pe\/wp-content\/uploads\/2018\/06\/pizarra-led-90x70-1.png\",\"datePublished\":\"2018-06-19T18:40:31+00:00\",\"dateModified\":\"2023-06-01T22:27:17+00:00\",\"description\":\"Pizarra Led Publicitaria 90x70 con Marcadores Ne\u00f3n. \u00a1Crea vistosos anuncios para tu bar, discoteca, restaurante o cafeter\u00eda!. Escr\u00edbenos al: +51 936 006 335\",\"breadcrumb\":{\"@id\":\"https:\/\/displaypublicitarios.pe\/?product=pizarra-led-90x70-iluminacion-fluorescente#breadcrumb\"},\"inLanguage\":\"es\",\"potentialAction\":[{\"@type\":\"ReadAction\",\"target\":[\"https:\/\/displaypublicitarios.pe\/?product=pizarra-led-90x70-iluminacion-fluorescente\"]}]},{\"@type\":\"ImageObject\",\"inLanguage\":\"es\",\"@id\":\"https:\/\/displaypublicitarios.pe\/?product=pizarra-led-90x70-iluminacion-fluorescente#primaryimage\",\"url\":\"https:\/\/displaypublicitarios.pe\/wp-content\/uploads\/2018\/06\/pizarra-led-90x70-1.png\",\"contentUrl\":\"https:\/\/displaypublicitarios.pe\/wp-content\/uploads\/2018\/06\/pizarra-led-90x70-1.png\",\"width\":526,\"height\":530,\"caption\":\"Pizarra Led 90 x 70\"},{\"@type\":\"BreadcrumbList\",\"@id\":\"https:\/\/displaypublicitarios.pe\/?product=pizarra-led-90x70-iluminacion-fluorescente#breadcrumb\",\"itemListElement\":[{\"@type\":\"ListItem\",\"position\":1,\"name\":\"Shop\",\"item\":\"https:\/\/displaypublicitarios.pe\/?page_id=401\"},{\"@type\":\"ListItem\",\"position\":2,\"name\":\"Pizarra Led 90&#215;70 iluminacion fluorescente\"}]},{\"@type\":\"WebSite\",\"@id\":\"https:\/\/displaypublicitarios.pe\/#website\",\"url\":\"https:\/\/displaypublicitarios.pe\/\",\"name\":\"Display Publicitarios\",\"description\":\"Backing Publicitarios - Modulos pvc - Roll screen - Toldos plegables - Pizarra Led\",\"publisher\":{\"@id\":\"https:\/\/displaypublicitarios.pe\/#organization\"},\"potentialAction\":[{\"@type\":\"SearchAction\",\"target\":{\"@type\":\"EntryPoint\",\"urlTemplate\":\"https:\/\/displaypublicitarios.pe\/?s={search_term_string}\"},\"query-input\":{\"@type\":\"PropertyValueSpecification\",\"valueRequired\":true,\"valueName\":\"search_term_string\"}}],\"inLanguage\":\"es\"},{\"@type\":\"Organization\",\"@id\":\"https:\/\/displaypublicitarios.pe\/#organization\",\"name\":\"Display Publicitarios\",\"url\":\"https:\/\/displaypublicitarios.pe\/\",\"logo\":{\"@type\":\"ImageObject\",\"inLanguage\":\"es\",\"@id\":\"https:\/\/displaypublicitarios.pe\/#\/schema\/logo\/image\/\",\"url\":\"https:\/\/displaypublicitarios.pe\/wp-content\/uploads\/2023\/04\/Recurso-1.png\",\"contentUrl\":\"https:\/\/displaypublicitarios.pe\/wp-content\/uploads\/2023\/04\/Recurso-1.png\",\"width\":244,\"height\":73,\"caption\":\"Display Publicitarios\"},\"image\":{\"@id\":\"https:\/\/displaypublicitarios.pe\/#\/schema\/logo\/image\/\"},\"sameAs\":[\"https:\/\/www.facebook.com\/parantespublicitarios?ref=hl\"]}]}<\/script>\n<!-- \/ Yoast SEO plugin. -->","yoast_head_json":{"title":"Pizarra Led 90x70 iluminacion fluorescente - Display Publicitarios","description":"Pizarra Led Publicitaria 90x70 con Marcadores Ne\u00f3n. \u00a1Crea vistosos anuncios para tu bar, discoteca, restaurante o cafeter\u00eda!. Escr\u00edbenos al: +51 936 006 335","robots":{"index":"index","follow":"follow","max-snippet":"max-snippet:-1","max-image-preview":"max-image-preview:large","max-video-preview":"max-video-preview:-1"},"canonical":"https:\/\/displaypublicitarios.pe\/?product=pizarra-led-90x70-iluminacion-fluorescente","og_locale":"es_ES","og_type":"article","og_title":"Pizarra Led 90x70 iluminacion fluorescente - Display Publicitarios","og_description":"Pizarra Led Publicitaria 90x70 con Marcadores Ne\u00f3n. \u00a1Crea vistosos anuncios para tu bar, discoteca, restaurante o cafeter\u00eda!. Escr\u00edbenos al: +51 936 006 335","og_url":"https:\/\/displaypublicitarios.pe\/?product=pizarra-led-90x70-iluminacion-fluorescente","og_site_name":"Display Publicitarios","article_publisher":"https:\/\/www.facebook.com\/parantespublicitarios?ref=hl","article_modified_time":"2023-06-01T22:27:17+00:00","og_image":[{"width":526,"height":530,"url":"https:\/\/displaypublicitarios.pe\/wp-content\/uploads\/2018\/06\/pizarra-led-90x70-1.png","type":"image\/png"}],"twitter_card":"summary_large_image","schema":{"@context":"https:\/\/schema.org","@graph":[{"@type":"WebPage","@id":"https:\/\/displaypublicitarios.pe\/?product=pizarra-led-90x70-iluminacion-fluorescente","url":"https:\/\/displaypublicitarios.pe\/?product=pizarra-led-90x70-iluminacion-fluorescente","name":"Pizarra Led 90x70 iluminacion fluorescente - Display Publicitarios","isPartOf":{"@id":"https:\/\/displaypublicitarios.pe\/#website"},"primaryImageOfPage":{"@id":"https:\/\/displaypublicitarios.pe\/?product=pizarra-led-90x70-iluminacion-fluorescente#primaryimage"},"image":{"@id":"https:\/\/displaypublicitarios.pe\/?product=pizarra-led-90x70-iluminacion-fluorescente#primaryimage"},"thumbnailUrl":"https:\/\/displaypublicitarios.pe\/wp-content\/uploads\/2018\/06\/pizarra-led-90x70-1.png","datePublished":"2018-06-19T18:40:31+00:00","dateModified":"2023-06-01T22:27:17+00:00","description":"Pizarra Led Publicitaria 90x70 con Marcadores Ne\u00f3n. \u00a1Crea vistosos anuncios para tu bar, discoteca, restaurante o cafeter\u00eda!. Escr\u00edbenos al: +51 936 006 335","breadcrumb":{"@id":"https:\/\/displaypublicitarios.pe\/?product=pizarra-led-90x70-iluminacion-fluorescente#breadcrumb"},"inLanguage":"es","potentialAction":[{"@type":"ReadAction","target":["https:\/\/displaypublicitarios.pe\/?product=pizarra-led-90x70-iluminacion-fluorescente"]}]},{"@type":"ImageObject","inLanguage":"es","@id":"https:\/\/displaypublicitarios.pe\/?product=pizarra-led-90x70-iluminacion-fluorescente#primaryimage","url":"https:\/\/displaypublicitarios.pe\/wp-content\/uploads\/2018\/06\/pizarra-led-90x70-1.png","contentUrl":"https:\/\/displaypublicitarios.pe\/wp-content\/uploads\/2018\/06\/pizarra-led-90x70-1.png","width":526,"height":530,"caption":"Pizarra Led 90 x 70"},{"@type":"BreadcrumbList","@id":"https:\/\/displaypublicitarios.pe\/?product=pizarra-led-90x70-iluminacion-fluorescente#breadcrumb","itemListElement":[{"@type":"ListItem","position":1,"name":"Shop","item":"https:\/\/displaypublicitarios.pe\/?page_id=401"},{"@type":"ListItem","position":2,"name":"Pizarra Led 90&#215;70 iluminacion fluorescente"}]},{"@type":"WebSite","@id":"https:\/\/displaypublicitarios.pe\/#website","url":"https:\/\/displaypublicitarios.pe\/","name":"Display Publicitarios","description":"Backing Publicitarios - Modulos pvc - Roll screen - Toldos plegables - Pizarra Led","publisher":{"@id":"https:\/\/displaypublicitarios.pe\/#organization"},"potentialAction":[{"@type":"SearchAction","target":{"@type":"EntryPoint","urlTemplate":"https:\/\/displaypublicitarios.pe\/?s={search_term_string}"},"query-input":{"@type":"PropertyValueSpecification","valueRequired":true,"valueName":"search_term_string"}}],"inLanguage":"es"},{"@type":"Organization","@id":"https:\/\/displaypublicitarios.pe\/#organization","name":"Display Publicitarios","url":"https:\/\/displaypublicitarios.pe\/","logo":{"@type":"ImageObject","inLanguage":"es","@id":"https:\/\/displaypublicitarios.pe\/#\/schema\/logo\/image\/","url":"https:\/\/displaypublicitarios.pe\/wp-content\/uploads\/2023\/04\/Recurso-1.png","contentUrl":"https:\/\/displaypublicitarios.pe\/wp-content\/uploads\/2023\/04\/Recurso-1.png","width":244,"height":73,"caption":"Display Publicitarios"},"image":{"@id":"https:\/\/displaypublicitarios.pe\/#\/schema\/logo\/image\/"},"sameAs":["https:\/\/www.facebook.com\/parantespublicitarios?ref=hl"]}]}},"uagb_featured_image_src":{"full":["https:\/\/displaypublicitarios.pe\/wp-content\/uploads\/2018\/06\/pizarra-led-90x70-1.png",526,530,false],"thumbnail":["https:\/\/displaypublicitarios.pe\/wp-content\/uploads\/2018\/06\/pizarra-led-90x70-1-150x150.png",150,150,true],"medium":["https:\/\/displaypublicitarios.pe\/wp-content\/uploads\/2018\/06\/pizarra-led-90x70-1-298x300.png",298,300,true],"medium_large":["https:\/\/displaypublicitarios.pe\/wp-content\/uploads\/2018\/06\/pizarra-led-90x70-1.png",526,530,false],"large":["https:\/\/displaypublicitarios.pe\/wp-content\/uploads\/2018\/06\/pizarra-led-90x70-1.png",526,530,false],"1536x1536":["https:\/\/displaypublicitarios.pe\/wp-content\/uploads\/2018\/06\/pizarra-led-90x70-1.png",526,530,false],"2048x2048":["https:\/\/displaypublicitarios.pe\/wp-content\/uploads\/2018\/06\/pizarra-led-90x70-1.png",526,530,false],"woocommerce_thumbnail":["https:\/\/displaypublicitarios.pe\/wp-content\/uploads\/2018\/06\/pizarra-led-90x70-1-300x302.png",300,302,true],"woocommerce_single":["https:\/\/displaypublicitarios.pe\/wp-content\/uploads\/2018\/06\/pizarra-led-90x70-1.png",526,530,false],"woocommerce_gallery_thumbnail":["https:\/\/displaypublicitarios.pe\/wp-content\/uploads\/2018\/06\/pizarra-led-90x70-1-100x100.png",100,100,true]},"uagb_author_info":{"display_name":"admin","author_link":"https:\/\/displaypublicitarios.pe\/?author=0"},"uagb_comment_info":0,"uagb_excerpt":"Pizarra Negra LED de 90x70 con iluminaci\u00f3n fluorescente, incluye 8 marcadores de colores ne\u00f3n .\u00a1Atrae la atenci\u00f3n de tu p\u00fablico con llamativos anuncios en tu bar, discoteca, restaurante, pizzer\u00eda o cafeter\u00eda!. Venta por internet Stock disponible control de programaci\u00f3n de luces 8 plumones de colores Producto con garant\u00eda de entrega.\u00a0 \u00a0 \u00a0Env\u00edos a todo el&hellip;","_links":{"self":[{"href":"https:\/\/displaypublicitarios.pe\/index.php?rest_route=\/wp\/v2\/product\/167","targetHints":{"allow":["GET"]}}],"collection":[{"href":"https:\/\/displaypublicitarios.pe\/index.php?rest_route=\/wp\/v2\/product"}],"about":[{"href":"https:\/\/displaypublicitarios.pe\/index.php?rest_route=\/wp\/v2\/types\/product"}],"wp:featuredmedia":[{"embeddable":true,"href":"https:\/\/displaypublicitarios.pe\/index.php?rest_route=\/wp\/v2\/media\/4752"}],"wp:attachment":[{"href":"https:\/\/displaypublicitarios.pe\/index.php?rest_route=%2Fwp%2Fv2%2Fmedia&parent=167"}],"wp:term":[{"taxonomy":"product_brand","embeddable":true,"href":"https:\/\/displaypublicitarios.pe\/index.php?rest_route=%2Fwp%2Fv2%2Fproduct_brand&post=167"},{"taxonomy":"product_cat","embeddable":true,"href":"https:\/\/displaypublicitarios.pe\/index.php?rest_route=%2Fwp%2Fv2%2Fproduct_cat&post=167"},{"taxonomy":"product_tag","embeddable":true,"href":"https:\/\/displaypublicitarios.pe\/index.php?rest_route=%2Fwp%2Fv2%2Fproduct_tag&post=167"}],"curies":[{"name":"wp","href":"https:\/\/api.w.org\/{rel}","templated":true}]}}