{"id":4716,"date":"2023-04-14T22:24:09","date_gmt":"2023-04-15T03:24:09","guid":{"rendered":"https:\/\/displaypublicitarios.pe\/?post_type=product&#038;p=4716"},"modified":"2024-03-06T23:46:16","modified_gmt":"2024-03-07T04:46:16","slug":"backing-wall-velcro-recto-desarmable","status":"publish","type":"product","link":"https:\/\/displaypublicitarios.pe\/?product=backing-wall-velcro-recto-desarmable","title":{"rendered":"Backing Wall Velcro Recto Desarmable"},"content":{"rendered":"<p><img fetchpriority=\"high\" decoding=\"async\" class=\" wp-image-5119\" src=\"https:\/\/displaypublicitarios.pe\/wp-content\/uploads\/2023\/04\/backing-publicitarios-300x79.png\" alt=\"Backing Publicitarios\" width=\"1341\" height=\"353\" srcset=\"https:\/\/displaypublicitarios.pe\/wp-content\/uploads\/2023\/04\/backing-publicitarios-300x79.png 300w, https:\/\/displaypublicitarios.pe\/wp-content\/uploads\/2023\/04\/backing-publicitarios-1024x269.png 1024w, https:\/\/displaypublicitarios.pe\/wp-content\/uploads\/2023\/04\/backing-publicitarios-768x202.png 768w, https:\/\/displaypublicitarios.pe\/wp-content\/uploads\/2023\/04\/backing-publicitarios-1536x404.png 1536w, https:\/\/displaypublicitarios.pe\/wp-content\/uploads\/2023\/04\/backing-publicitarios-2048x539.png 2048w, https:\/\/displaypublicitarios.pe\/wp-content\/uploads\/2023\/04\/backing-publicitarios-600x158.png 600w\" sizes=\"(max-width: 1341px) 100vw, 1341px\" \/><\/p>\n<table style=\"font-size: 16px; font-style: normal;\">\n<tbody>\n<tr>\n<td><img decoding=\"async\" src=\"https:\/\/scontent.flim15-2.fna.fbcdn.net\/v\/t1.6435-9\/40172905_1817802908327650_7321656742633275392_n.jpg?_nc_cat=111&amp;cb=99be929b-3346023f&amp;ccb=1-7&amp;_nc_sid=8bfeb9&amp;_nc_ohc=Qp_i8RBEy8wAX-5cwDt&amp;_nc_ht=scontent.flim15-2.fna&amp;oh=00_AfBTh5k_XZ6sTefwlwZMtpka12rW9YVJN27AnlZWspSVHg&amp;oe=64C420FA\" alt=\"No hay ninguna descripci\u00f3n de la foto disponible.\" width=\"1508\" height=\"583\" \/><\/td>\n<td>\n<h3><strong>BACKING WALL VELCRO RECTO<\/strong><\/h3>\n<p style=\"text-align: left;\">Display Rack Banner Ajustable de estructura plegable permite un f\u00e1cil armado. El gr\u00e1fico debe ser impreso en material Banner o en Tela sublimado y aplicarse la cinta velcro en sus 4 bordes, esto ayudar\u00e1 al banner adherirse a la estructura.<\/p>\n<\/td>\n<\/tr>\n<\/tbody>\n<\/table>\n<p>&nbsp;<\/p>\n<table style=\"font-size: 16px; font-style: normal;\">\n<tbody>\n<tr>\n<td>\n<h3><strong>BACKING VIDEO<\/strong><\/h3>\n<p>Backing solicitado por nuestro cliente Petro Per\u00fa S.A, nos encargamos desde su elaboraci\u00f3n gr\u00e1fica hasta la instalaci\u00f3n en su evento. Adem\u00e1s, mediante nuestros videos brindamos asesoramiento del armado y buen uso del Backing Publicitario.<\/td>\n<td width=\"660\"><iframe style=\"border: none; overflow: hidden;\" src=\"https:\/\/www.facebook.com\/plugins\/video.php?height=314&amp;href=https%3A%2F%2Fwww.facebook.com%2Fparantespublicitarios%2Fvideos%2F515840739019157%2F&amp;show_text=false&amp;width=560&amp;t=0\" width=\"660\" height=\"360\" frameborder=\"0\" scrolling=\"no\" allowfullscreen=\"allowfullscreen\"><span data-mce-type=\"bookmark\" style=\"display: inline-block; width: 0px; overflow: hidden; line-height: 0;\" class=\"mce_SELRES_start\">\ufeff<\/span><\/iframe><\/td>\n<\/tr>\n<\/tbody>\n<\/table>\n<table style=\"font-size: 16px; font-style: normal;\">\n<tbody>\n<tr>\n<td bgcolor=\"white\"><img decoding=\"async\" src=\"https:\/\/www.estilosbanner.com\/images\/productos\/displaywallvelcro.jpg\" alt=\"backing wall velcro\" width=\"858\" height=\"267\" \/><\/td>\n<td bgcolor=\"white\">\n<h3><strong>PASOS DEL ARMADO<\/strong><\/h3>\n<p>&#8211; Retirar los accesorios del Malet\u00edn.<br \/>\n&#8211; Desplegar la estructura de Aluminio.<br \/>\n&#8211; Colocar las Varillas de Metal.<br \/>\n&#8211; Colocar las Laminas Graficas.<br \/>\n&#8211; Colocar los Reflectores de Luces.<br \/>\n&#8211; Backing Instalado.<\/td>\n<\/tr>\n<\/tbody>\n<\/table>\n","protected":false},"excerpt":{"rendered":"<p>Display Wall Velcro con estructura\u00a0<span style=\"font-size: 16px; font-style: normal; font-weight: 400;\">plegable <\/span><span style=\"font-size: 16px;\">de aluminio\u00a0 para uso interior. Este Velcro Publicitario es ideal para conferencias, entrevistas, ferias, etc. Impreso en material banner de alta resoluci\u00f3n con cinta velcro en los 4 lados.<\/span><\/p>\n<p>&#8211; Venta por Internet.<br \/>\n&#8211; Stock Disponible.<br \/>\n&#8211; Incluye Impresi\u00f3n gr\u00e1fica.<br \/>\n&#8211; Incluye 2 reflectores de iluminaci\u00f3n.<br \/>\n&#8211; Incluye malet\u00edn con ruedas para traslado.<br \/>\n&#8211; R\u00e1pido y f\u00e1cil armado.<\/p>\n<p><a href=\"https:\/\/api.whatsapp.com\/send\/?phone=51908844960&amp;text=%C2%A1Hola+Display+Publicitarios%21%0ASolicito+cotizaci%C3%B3n+de+%2ABacking+Wall+Velcro+Recto+Desarmable%2A.%0Ahttps%3A%2F%2Fdisplaypublicitarios.pe%2F%3Fproduct%3Dbacking-velcro-recto%26preview_id%3D4716%26preview_nonce%3Da69a98d5a1%26_thumbnail_id%3D4730%26preview%3Dtrue&amp;type=phone_number&amp;app_absent=0\"><img loading=\"lazy\" decoding=\"async\" class=\"alignnone wp-image-4682\" src=\"https:\/\/displaypublicitarios.pe\/wp-content\/uploads\/2018\/06\/boton-cotizacion-300x46.png\" alt=\"\" width=\"274\" height=\"42\" srcset=\"https:\/\/displaypublicitarios.pe\/wp-content\/uploads\/2018\/06\/boton-cotizacion-300x46.png 300w, https:\/\/displaypublicitarios.pe\/wp-content\/uploads\/2018\/06\/boton-cotizacion-1024x157.png 1024w, https:\/\/displaypublicitarios.pe\/wp-content\/uploads\/2018\/06\/boton-cotizacion-768x117.png 768w, https:\/\/displaypublicitarios.pe\/wp-content\/uploads\/2018\/06\/boton-cotizacion-600x92.png 600w, https:\/\/displaypublicitarios.pe\/wp-content\/uploads\/2018\/06\/boton-cotizacion.png 1086w\" sizes=\"(max-width: 274px) 100vw, 274px\" \/><\/a><\/p>\n<p><img loading=\"lazy\" decoding=\"async\" class=\"alignnone size-full wp-image-4678\" src=\"https:\/\/displaypublicitarios.pe\/wp-content\/uploads\/2018\/06\/proteccion.png\" alt=\"\" width=\"37\" height=\"43\" \/> Producto con garant\u00eda de entrega.\u00a0 \u00a0 <img loading=\"lazy\" decoding=\"async\" class=\"alignnone wp-image-4693\" src=\"https:\/\/displaypublicitarios.pe\/wp-content\/uploads\/2018\/06\/envios-delivery.png\" alt=\"\" width=\"46\" height=\"27\" \/>\u00a0Env\u00edos a todo el Per\u00fa.<\/p>\n","protected":false},"featured_media":4730,"template":"","meta":{"_uag_custom_page_level_css":"","site-sidebar-layout":"default","site-content-layout":"default","ast-site-content-layout":"","site-content-style":"default","site-sidebar-style":"default","ast-global-header-display":"","ast-banner-title-visibility":"","ast-main-header-display":"","ast-hfb-above-header-display":"","ast-hfb-below-header-display":"","ast-hfb-mobile-header-display":"","site-post-title":"","ast-breadcrumbs-content":"","ast-featured-img":"","footer-sml-layout":"","theme-transparent-header-meta":"default","adv-header-id-meta":"","stick-header-meta":"","header-above-stick-meta":"","header-main-stick-meta":"","header-below-stick-meta":"","astra-migrate-meta-layouts":"default","ast-page-background-enabled":"default","ast-page-background-meta":{"desktop":{"background-color":"","background-image":"","background-repeat":"repeat","background-position":"center center","background-size":"auto","background-attachment":"scroll","background-type":"","background-media":"","overlay-type":"","overlay-color":"","overlay-gradient":""},"tablet":{"background-color":"","background-image":"","background-repeat":"repeat","background-position":"center center","background-size":"auto","background-attachment":"scroll","background-type":"","background-media":"","overlay-type":"","overlay-color":"","overlay-gradient":""},"mobile":{"background-color":"","background-image":"","background-repeat":"repeat","background-position":"center center","background-size":"auto","background-attachment":"scroll","background-type":"","background-media":"","overlay-type":"","overlay-color":"","overlay-gradient":""}},"ast-content-background-meta":{"desktop":{"background-color":"var(--ast-global-color-5)","background-image":"","background-repeat":"repeat","background-position":"center center","background-size":"auto","background-attachment":"scroll","background-type":"","background-media":"","overlay-type":"","overlay-color":"","overlay-gradient":""},"tablet":{"background-color":"var(--ast-global-color-5)","background-image":"","background-repeat":"repeat","background-position":"center center","background-size":"auto","background-attachment":"scroll","background-type":"","background-media":"","overlay-type":"","overlay-color":"","overlay-gradient":""},"mobile":{"background-color":"var(--ast-global-color-5)","background-image":"","background-repeat":"repeat","background-position":"center center","background-size":"auto","background-attachment":"scroll","background-type":"","background-media":"","overlay-type":"","overlay-color":"","overlay-gradient":""}},"_joinchat":{"telephone":"+51908844960","message_send":"\u00a1Hola {SITE}!\nSolicito cotizaci\u00f3n de *{PRODUCT}*.\n{HREF}"}},"product_brand":[],"product_cat":[96],"product_tag":[],"class_list":{"0":"post-4716","1":"product","2":"type-product","3":"status-publish","4":"has-post-thumbnail","6":"product_cat-backing","7":"desktop-align-center","8":"tablet-align-center","9":"mobile-align-center","11":"first","12":"instock","13":"featured","14":"shipping-taxable","15":"product-type-simple"},"yoast_head":"<!-- This site is optimized with the Yoast SEO plugin v26.6 - https:\/\/yoast.com\/wordpress\/plugins\/seo\/ -->\n<title>Backing Wall Velcro Recto Desarmable - Display Publicitarios<\/title>\n<meta name=\"description\" content=\"Display Wall Velcro Publicitario con estructura plegable de aluminio. \u00a1Destaca en tus conferencias, entrevistas y ferias! Escr\u00edbenos al:+51 936 006 335\" \/>\n<meta name=\"robots\" content=\"index, follow, max-snippet:-1, max-image-preview:large, max-video-preview:-1\" \/>\n<link rel=\"canonical\" href=\"https:\/\/displaypublicitarios.pe\/?product=backing-wall-velcro-recto-desarmable\" \/>\n<meta property=\"og:locale\" content=\"es_ES\" \/>\n<meta property=\"og:type\" content=\"article\" \/>\n<meta property=\"og:title\" content=\"Backing Wall Velcro Recto Desarmable - Display Publicitarios\" \/>\n<meta property=\"og:description\" content=\"Display Wall Velcro Publicitario con estructura plegable de aluminio. \u00a1Destaca en tus conferencias, entrevistas y ferias! Escr\u00edbenos al:+51 936 006 335\" \/>\n<meta property=\"og:url\" content=\"https:\/\/displaypublicitarios.pe\/?product=backing-wall-velcro-recto-desarmable\" \/>\n<meta property=\"og:site_name\" content=\"Display Publicitarios\" \/>\n<meta property=\"article:publisher\" content=\"https:\/\/www.facebook.com\/parantespublicitarios?ref=hl\" \/>\n<meta property=\"article:modified_time\" content=\"2024-03-07T04:46:16+00:00\" \/>\n<meta property=\"og:image\" content=\"https:\/\/displaypublicitarios.pe\/wp-content\/uploads\/2023\/04\/backing-velcro-estilosbanner.jpg\" \/>\n\t<meta property=\"og:image:width\" content=\"791\" \/>\n\t<meta property=\"og:image:height\" content=\"859\" \/>\n\t<meta property=\"og:image:type\" content=\"image\/jpeg\" \/>\n<meta name=\"twitter:card\" content=\"summary_large_image\" \/>\n<meta name=\"twitter:label1\" content=\"Tiempo de lectura\" \/>\n\t<meta name=\"twitter:data1\" content=\"2 minutos\" \/>\n<script type=\"application\/ld+json\" class=\"yoast-schema-graph\">{\"@context\":\"https:\/\/schema.org\",\"@graph\":[{\"@type\":\"WebPage\",\"@id\":\"https:\/\/displaypublicitarios.pe\/?product=backing-wall-velcro-recto-desarmable\",\"url\":\"https:\/\/displaypublicitarios.pe\/?product=backing-wall-velcro-recto-desarmable\",\"name\":\"Backing Wall Velcro Recto Desarmable - Display Publicitarios\",\"isPartOf\":{\"@id\":\"https:\/\/displaypublicitarios.pe\/#website\"},\"primaryImageOfPage\":{\"@id\":\"https:\/\/displaypublicitarios.pe\/?product=backing-wall-velcro-recto-desarmable#primaryimage\"},\"image\":{\"@id\":\"https:\/\/displaypublicitarios.pe\/?product=backing-wall-velcro-recto-desarmable#primaryimage\"},\"thumbnailUrl\":\"https:\/\/displaypublicitarios.pe\/wp-content\/uploads\/2023\/04\/backing-velcro-estilosbanner.jpg\",\"datePublished\":\"2023-04-15T03:24:09+00:00\",\"dateModified\":\"2024-03-07T04:46:16+00:00\",\"description\":\"Display Wall Velcro Publicitario con estructura plegable de aluminio. \u00a1Destaca en tus conferencias, entrevistas y ferias! Escr\u00edbenos al:+51 936 006 335\",\"breadcrumb\":{\"@id\":\"https:\/\/displaypublicitarios.pe\/?product=backing-wall-velcro-recto-desarmable#breadcrumb\"},\"inLanguage\":\"es\",\"potentialAction\":[{\"@type\":\"ReadAction\",\"target\":[\"https:\/\/displaypublicitarios.pe\/?product=backing-wall-velcro-recto-desarmable\"]}]},{\"@type\":\"ImageObject\",\"inLanguage\":\"es\",\"@id\":\"https:\/\/displaypublicitarios.pe\/?product=backing-wall-velcro-recto-desarmable#primaryimage\",\"url\":\"https:\/\/displaypublicitarios.pe\/wp-content\/uploads\/2023\/04\/backing-velcro-estilosbanner.jpg\",\"contentUrl\":\"https:\/\/displaypublicitarios.pe\/wp-content\/uploads\/2023\/04\/backing-velcro-estilosbanner.jpg\",\"width\":791,\"height\":859,\"caption\":\"Backing wall Velcro Recto\"},{\"@type\":\"BreadcrumbList\",\"@id\":\"https:\/\/displaypublicitarios.pe\/?product=backing-wall-velcro-recto-desarmable#breadcrumb\",\"itemListElement\":[{\"@type\":\"ListItem\",\"position\":1,\"name\":\"Shop\",\"item\":\"https:\/\/displaypublicitarios.pe\/?page_id=401\"},{\"@type\":\"ListItem\",\"position\":2,\"name\":\"Backing Wall Velcro Recto Desarmable\"}]},{\"@type\":\"WebSite\",\"@id\":\"https:\/\/displaypublicitarios.pe\/#website\",\"url\":\"https:\/\/displaypublicitarios.pe\/\",\"name\":\"Display Publicitarios\",\"description\":\"Backing Publicitarios - Modulos pvc - Roll screen - Toldos plegables - Pizarra Led\",\"publisher\":{\"@id\":\"https:\/\/displaypublicitarios.pe\/#organization\"},\"potentialAction\":[{\"@type\":\"SearchAction\",\"target\":{\"@type\":\"EntryPoint\",\"urlTemplate\":\"https:\/\/displaypublicitarios.pe\/?s={search_term_string}\"},\"query-input\":{\"@type\":\"PropertyValueSpecification\",\"valueRequired\":true,\"valueName\":\"search_term_string\"}}],\"inLanguage\":\"es\"},{\"@type\":\"Organization\",\"@id\":\"https:\/\/displaypublicitarios.pe\/#organization\",\"name\":\"Display Publicitarios\",\"url\":\"https:\/\/displaypublicitarios.pe\/\",\"logo\":{\"@type\":\"ImageObject\",\"inLanguage\":\"es\",\"@id\":\"https:\/\/displaypublicitarios.pe\/#\/schema\/logo\/image\/\",\"url\":\"https:\/\/displaypublicitarios.pe\/wp-content\/uploads\/2023\/04\/Recurso-1.png\",\"contentUrl\":\"https:\/\/displaypublicitarios.pe\/wp-content\/uploads\/2023\/04\/Recurso-1.png\",\"width\":244,\"height\":73,\"caption\":\"Display Publicitarios\"},\"image\":{\"@id\":\"https:\/\/displaypublicitarios.pe\/#\/schema\/logo\/image\/\"},\"sameAs\":[\"https:\/\/www.facebook.com\/parantespublicitarios?ref=hl\"]}]}<\/script>\n<!-- \/ Yoast SEO plugin. -->","yoast_head_json":{"title":"Backing Wall Velcro Recto Desarmable - Display Publicitarios","description":"Display Wall Velcro Publicitario con estructura plegable de aluminio. \u00a1Destaca en tus conferencias, entrevistas y ferias! Escr\u00edbenos al:+51 936 006 335","robots":{"index":"index","follow":"follow","max-snippet":"max-snippet:-1","max-image-preview":"max-image-preview:large","max-video-preview":"max-video-preview:-1"},"canonical":"https:\/\/displaypublicitarios.pe\/?product=backing-wall-velcro-recto-desarmable","og_locale":"es_ES","og_type":"article","og_title":"Backing Wall Velcro Recto Desarmable - Display Publicitarios","og_description":"Display Wall Velcro Publicitario con estructura plegable de aluminio. \u00a1Destaca en tus conferencias, entrevistas y ferias! Escr\u00edbenos al:+51 936 006 335","og_url":"https:\/\/displaypublicitarios.pe\/?product=backing-wall-velcro-recto-desarmable","og_site_name":"Display Publicitarios","article_publisher":"https:\/\/www.facebook.com\/parantespublicitarios?ref=hl","article_modified_time":"2024-03-07T04:46:16+00:00","og_image":[{"width":791,"height":859,"url":"https:\/\/displaypublicitarios.pe\/wp-content\/uploads\/2023\/04\/backing-velcro-estilosbanner.jpg","type":"image\/jpeg"}],"twitter_card":"summary_large_image","twitter_misc":{"Tiempo de lectura":"2 minutos"},"schema":{"@context":"https:\/\/schema.org","@graph":[{"@type":"WebPage","@id":"https:\/\/displaypublicitarios.pe\/?product=backing-wall-velcro-recto-desarmable","url":"https:\/\/displaypublicitarios.pe\/?product=backing-wall-velcro-recto-desarmable","name":"Backing Wall Velcro Recto Desarmable - Display Publicitarios","isPartOf":{"@id":"https:\/\/displaypublicitarios.pe\/#website"},"primaryImageOfPage":{"@id":"https:\/\/displaypublicitarios.pe\/?product=backing-wall-velcro-recto-desarmable#primaryimage"},"image":{"@id":"https:\/\/displaypublicitarios.pe\/?product=backing-wall-velcro-recto-desarmable#primaryimage"},"thumbnailUrl":"https:\/\/displaypublicitarios.pe\/wp-content\/uploads\/2023\/04\/backing-velcro-estilosbanner.jpg","datePublished":"2023-04-15T03:24:09+00:00","dateModified":"2024-03-07T04:46:16+00:00","description":"Display Wall Velcro Publicitario con estructura plegable de aluminio. \u00a1Destaca en tus conferencias, entrevistas y ferias! Escr\u00edbenos al:+51 936 006 335","breadcrumb":{"@id":"https:\/\/displaypublicitarios.pe\/?product=backing-wall-velcro-recto-desarmable#breadcrumb"},"inLanguage":"es","potentialAction":[{"@type":"ReadAction","target":["https:\/\/displaypublicitarios.pe\/?product=backing-wall-velcro-recto-desarmable"]}]},{"@type":"ImageObject","inLanguage":"es","@id":"https:\/\/displaypublicitarios.pe\/?product=backing-wall-velcro-recto-desarmable#primaryimage","url":"https:\/\/displaypublicitarios.pe\/wp-content\/uploads\/2023\/04\/backing-velcro-estilosbanner.jpg","contentUrl":"https:\/\/displaypublicitarios.pe\/wp-content\/uploads\/2023\/04\/backing-velcro-estilosbanner.jpg","width":791,"height":859,"caption":"Backing wall Velcro Recto"},{"@type":"BreadcrumbList","@id":"https:\/\/displaypublicitarios.pe\/?product=backing-wall-velcro-recto-desarmable#breadcrumb","itemListElement":[{"@type":"ListItem","position":1,"name":"Shop","item":"https:\/\/displaypublicitarios.pe\/?page_id=401"},{"@type":"ListItem","position":2,"name":"Backing Wall Velcro Recto Desarmable"}]},{"@type":"WebSite","@id":"https:\/\/displaypublicitarios.pe\/#website","url":"https:\/\/displaypublicitarios.pe\/","name":"Display Publicitarios","description":"Backing Publicitarios - Modulos pvc - Roll screen - Toldos plegables - Pizarra Led","publisher":{"@id":"https:\/\/displaypublicitarios.pe\/#organization"},"potentialAction":[{"@type":"SearchAction","target":{"@type":"EntryPoint","urlTemplate":"https:\/\/displaypublicitarios.pe\/?s={search_term_string}"},"query-input":{"@type":"PropertyValueSpecification","valueRequired":true,"valueName":"search_term_string"}}],"inLanguage":"es"},{"@type":"Organization","@id":"https:\/\/displaypublicitarios.pe\/#organization","name":"Display Publicitarios","url":"https:\/\/displaypublicitarios.pe\/","logo":{"@type":"ImageObject","inLanguage":"es","@id":"https:\/\/displaypublicitarios.pe\/#\/schema\/logo\/image\/","url":"https:\/\/displaypublicitarios.pe\/wp-content\/uploads\/2023\/04\/Recurso-1.png","contentUrl":"https:\/\/displaypublicitarios.pe\/wp-content\/uploads\/2023\/04\/Recurso-1.png","width":244,"height":73,"caption":"Display Publicitarios"},"image":{"@id":"https:\/\/displaypublicitarios.pe\/#\/schema\/logo\/image\/"},"sameAs":["https:\/\/www.facebook.com\/parantespublicitarios?ref=hl"]}]}},"uagb_featured_image_src":{"full":["https:\/\/displaypublicitarios.pe\/wp-content\/uploads\/2023\/04\/backing-velcro-estilosbanner.jpg",791,859,false],"thumbnail":["https:\/\/displaypublicitarios.pe\/wp-content\/uploads\/2023\/04\/backing-velcro-estilosbanner-150x150.jpg",150,150,true],"medium":["https:\/\/displaypublicitarios.pe\/wp-content\/uploads\/2023\/04\/backing-velcro-estilosbanner-276x300.jpg",276,300,true],"medium_large":["https:\/\/displaypublicitarios.pe\/wp-content\/uploads\/2023\/04\/backing-velcro-estilosbanner-768x834.jpg",768,834,true],"large":["https:\/\/displaypublicitarios.pe\/wp-content\/uploads\/2023\/04\/backing-velcro-estilosbanner.jpg",791,859,false],"1536x1536":["https:\/\/displaypublicitarios.pe\/wp-content\/uploads\/2023\/04\/backing-velcro-estilosbanner.jpg",791,859,false],"2048x2048":["https:\/\/displaypublicitarios.pe\/wp-content\/uploads\/2023\/04\/backing-velcro-estilosbanner.jpg",791,859,false],"woocommerce_thumbnail":["https:\/\/displaypublicitarios.pe\/wp-content\/uploads\/2023\/04\/backing-velcro-estilosbanner-300x326.jpg",300,326,true],"woocommerce_single":["https:\/\/displaypublicitarios.pe\/wp-content\/uploads\/2023\/04\/backing-velcro-estilosbanner-600x652.jpg",600,652,true],"woocommerce_gallery_thumbnail":["https:\/\/displaypublicitarios.pe\/wp-content\/uploads\/2023\/04\/backing-velcro-estilosbanner-100x100.jpg",100,100,true]},"uagb_author_info":{"display_name":"admin","author_link":"https:\/\/displaypublicitarios.pe\/?author=0"},"uagb_comment_info":0,"uagb_excerpt":"Display Wall Velcro con estructura\u00a0plegable de aluminio\u00a0 para uso interior. Este Velcro Publicitario es ideal para conferencias, entrevistas, ferias, etc. Impreso en material banner de alta resoluci\u00f3n con cinta velcro en los 4 lados. - Venta por Internet. - Stock Disponible. - Incluye Impresi\u00f3n gr\u00e1fica. - Incluye 2 reflectores de iluminaci\u00f3n. - Incluye malet\u00edn con&hellip;","_links":{"self":[{"href":"https:\/\/displaypublicitarios.pe\/index.php?rest_route=\/wp\/v2\/product\/4716","targetHints":{"allow":["GET"]}}],"collection":[{"href":"https:\/\/displaypublicitarios.pe\/index.php?rest_route=\/wp\/v2\/product"}],"about":[{"href":"https:\/\/displaypublicitarios.pe\/index.php?rest_route=\/wp\/v2\/types\/product"}],"wp:featuredmedia":[{"embeddable":true,"href":"https:\/\/displaypublicitarios.pe\/index.php?rest_route=\/wp\/v2\/media\/4730"}],"wp:attachment":[{"href":"https:\/\/displaypublicitarios.pe\/index.php?rest_route=%2Fwp%2Fv2%2Fmedia&parent=4716"}],"wp:term":[{"taxonomy":"product_brand","embeddable":true,"href":"https:\/\/displaypublicitarios.pe\/index.php?rest_route=%2Fwp%2Fv2%2Fproduct_brand&post=4716"},{"taxonomy":"product_cat","embeddable":true,"href":"https:\/\/displaypublicitarios.pe\/index.php?rest_route=%2Fwp%2Fv2%2Fproduct_cat&post=4716"},{"taxonomy":"product_tag","embeddable":true,"href":"https:\/\/displaypublicitarios.pe\/index.php?rest_route=%2Fwp%2Fv2%2Fproduct_tag&post=4716"}],"curies":[{"name":"wp","href":"https:\/\/api.w.org\/{rel}","templated":true}]}}