{"id":4844,"date":"2023-04-28T21:41:09","date_gmt":"2023-04-29T02:41:09","guid":{"rendered":"https:\/\/displaypublicitarios.pe\/?post_type=product&#038;p=4844"},"modified":"2024-04-15T12:13:08","modified_gmt":"2024-04-15T17:13:08","slug":"ruleta-publicitaria-mdf-portatil-para-sorteos","status":"publish","type":"product","link":"https:\/\/displaypublicitarios.pe\/?product=ruleta-publicitaria-mdf-portatil-para-sorteos","title":{"rendered":"Ruleta Publicitaria MDF Port\u00e1til para Sorteos"},"content":{"rendered":"","protected":false},"excerpt":{"rendered":"<p><span style=\"font-size: 16px; font-style: normal; font-weight: 400;\">Ruleta MDF con su brandeo, estructura todo en material MDF.\u00a0 \u00a1Personaliza tu ruleta giratoria para destacar en tus campa\u00f1as de Marketing y eventos corporativos!<\/span><\/p>\n<p>&#8211; Venta por Internet.<br \/>\n&#8211; Stock Disponible.<br \/>\n&#8211; Incluye Impresi\u00f3n Publicidad.<br \/>\n&#8211; R\u00e1pido y f\u00e1cil armado.<\/p>\n<p><a href=\"https:\/\/api.whatsapp.com\/send\/?phone=51908844960&amp;text=%C2%A1Hola+Display+Publicitarios%21%0ASolicito+cotizaci%C3%B3n+de+%2ARuleta+Publicitaria+MDF+Port%C3%A1til+para+Sorteos%2A.%0Ahttps%3A%2F%2Fdisplaypublicitarios.pe%2F%3Fproduct%3Druleta-publicitaria-mdf-portatil-para-sorteos\"><img decoding=\"async\" class=\"alignnone wp-image-4682\" src=\"https:\/\/displaypublicitarios.pe\/wp-content\/uploads\/2018\/06\/boton-cotizacion-300x46.png\" alt=\"\" width=\"274\" height=\"42\" srcset=\"https:\/\/displaypublicitarios.pe\/wp-content\/uploads\/2018\/06\/boton-cotizacion-300x46.png 300w, https:\/\/displaypublicitarios.pe\/wp-content\/uploads\/2018\/06\/boton-cotizacion-1024x157.png 1024w, https:\/\/displaypublicitarios.pe\/wp-content\/uploads\/2018\/06\/boton-cotizacion-768x117.png 768w, https:\/\/displaypublicitarios.pe\/wp-content\/uploads\/2018\/06\/boton-cotizacion-600x92.png 600w, https:\/\/displaypublicitarios.pe\/wp-content\/uploads\/2018\/06\/boton-cotizacion.png 1086w\" sizes=\"(max-width: 274px) 100vw, 274px\" \/><\/a><\/p>\n<p><img decoding=\"async\" class=\"alignnone size-full wp-image-4678\" src=\"https:\/\/displaypublicitarios.pe\/wp-content\/uploads\/2018\/06\/proteccion.png\" alt=\"\" width=\"37\" height=\"43\" \/> Producto con garant\u00eda de entrega.\u00a0 \u00a0 <img decoding=\"async\" class=\"alignnone wp-image-4693\" src=\"https:\/\/displaypublicitarios.pe\/wp-content\/uploads\/2018\/06\/envios-delivery.png\" alt=\"\" width=\"46\" height=\"27\" \/>\u00a0Env\u00edos a todo el Per\u00fa.<\/p>\n","protected":false},"featured_media":4981,"template":"","meta":{"_uag_custom_page_level_css":"","site-sidebar-layout":"default","site-content-layout":"default","ast-site-content-layout":"default","site-content-style":"default","site-sidebar-style":"default","ast-global-header-display":"","ast-banner-title-visibility":"","ast-main-header-display":"","ast-hfb-above-header-display":"","ast-hfb-below-header-display":"","ast-hfb-mobile-header-display":"","site-post-title":"","ast-breadcrumbs-content":"","ast-featured-img":"","footer-sml-layout":"","theme-transparent-header-meta":"default","adv-header-id-meta":"","stick-header-meta":"","header-above-stick-meta":"","header-main-stick-meta":"","header-below-stick-meta":"","astra-migrate-meta-layouts":"set","ast-page-background-enabled":"default","ast-page-background-meta":{"desktop":{"background-color":"","background-image":"","background-repeat":"repeat","background-position":"center center","background-size":"auto","background-attachment":"scroll","background-type":"","background-media":"","overlay-type":"","overlay-color":"","overlay-gradient":""},"tablet":{"background-color":"","background-image":"","background-repeat":"repeat","background-position":"center center","background-size":"auto","background-attachment":"scroll","background-type":"","background-media":"","overlay-type":"","overlay-color":"","overlay-gradient":""},"mobile":{"background-color":"","background-image":"","background-repeat":"repeat","background-position":"center center","background-size":"auto","background-attachment":"scroll","background-type":"","background-media":"","overlay-type":"","overlay-color":"","overlay-gradient":""}},"ast-content-background-meta":{"desktop":{"background-color":"var(--ast-global-color-5)","background-image":"","background-repeat":"repeat","background-position":"center center","background-size":"auto","background-attachment":"scroll","background-type":"","background-media":"","overlay-type":"","overlay-color":"","overlay-gradient":""},"tablet":{"background-color":"var(--ast-global-color-5)","background-image":"","background-repeat":"repeat","background-position":"center center","background-size":"auto","background-attachment":"scroll","background-type":"","background-media":"","overlay-type":"","overlay-color":"","overlay-gradient":""},"mobile":{"background-color":"var(--ast-global-color-5)","background-image":"","background-repeat":"repeat","background-position":"center center","background-size":"auto","background-attachment":"scroll","background-type":"","background-media":"","overlay-type":"","overlay-color":"","overlay-gradient":""}},"_joinchat":{"telephone":"+51908844960","message_send":"\u00a1Hola {SITE}!\nSolicito cotizaci\u00f3n de *{PRODUCT}*.\n{HREF}"}},"product_brand":[],"product_cat":[102],"product_tag":[],"class_list":{"0":"post-4844","1":"product","2":"type-product","3":"status-publish","4":"has-post-thumbnail","6":"product_cat-ruletas-publicitarias","7":"desktop-align-center","8":"tablet-align-center","9":"mobile-align-center","11":"first","12":"instock","13":"featured","14":"shipping-taxable","15":"product-type-simple"},"yoast_head":"<!-- This site is optimized with the Yoast SEO plugin v26.6 - https:\/\/yoast.com\/wordpress\/plugins\/seo\/ -->\n<title>Ruleta Publicitaria MDF Port\u00e1til para Sorteos - Display Publicitarios<\/title>\n<meta name=\"description\" content=\"Ruleta Publicitaria MDF Port\u00e1til con estructura de metal. \u00a1Personaliza tu ruleta giratoria y destaca en tus eventos! Escr\u00edbenos al: +51 936 006 335\" \/>\n<meta name=\"robots\" content=\"index, follow, max-snippet:-1, max-image-preview:large, max-video-preview:-1\" \/>\n<link rel=\"canonical\" href=\"https:\/\/displaypublicitarios.pe\/?product=ruleta-publicitaria-mdf-portatil-para-sorteos\" \/>\n<meta property=\"og:locale\" content=\"es_ES\" \/>\n<meta property=\"og:type\" content=\"article\" \/>\n<meta property=\"og:title\" content=\"Ruleta Publicitaria MDF Port\u00e1til para Sorteos - Display Publicitarios\" \/>\n<meta property=\"og:description\" content=\"Ruleta Publicitaria MDF Port\u00e1til con estructura de metal. \u00a1Personaliza tu ruleta giratoria y destaca en tus eventos! Escr\u00edbenos al: +51 936 006 335\" \/>\n<meta property=\"og:url\" content=\"https:\/\/displaypublicitarios.pe\/?product=ruleta-publicitaria-mdf-portatil-para-sorteos\" \/>\n<meta property=\"og:site_name\" content=\"Display Publicitarios\" \/>\n<meta property=\"article:publisher\" content=\"https:\/\/www.facebook.com\/parantespublicitarios?ref=hl\" \/>\n<meta property=\"article:modified_time\" content=\"2024-04-15T17:13:08+00:00\" \/>\n<meta property=\"og:image\" content=\"https:\/\/displaypublicitarios.pe\/wp-content\/uploads\/2023\/04\/ruleta-mdf.jpeg\" \/>\n\t<meta property=\"og:image:width\" content=\"833\" \/>\n\t<meta property=\"og:image:height\" content=\"1111\" \/>\n\t<meta property=\"og:image:type\" content=\"image\/jpeg\" \/>\n<meta name=\"twitter:card\" content=\"summary_large_image\" \/>\n<script type=\"application\/ld+json\" class=\"yoast-schema-graph\">{\"@context\":\"https:\/\/schema.org\",\"@graph\":[{\"@type\":\"WebPage\",\"@id\":\"https:\/\/displaypublicitarios.pe\/?product=ruleta-publicitaria-mdf-portatil-para-sorteos\",\"url\":\"https:\/\/displaypublicitarios.pe\/?product=ruleta-publicitaria-mdf-portatil-para-sorteos\",\"name\":\"Ruleta Publicitaria MDF Port\u00e1til para Sorteos - Display Publicitarios\",\"isPartOf\":{\"@id\":\"https:\/\/displaypublicitarios.pe\/#website\"},\"primaryImageOfPage\":{\"@id\":\"https:\/\/displaypublicitarios.pe\/?product=ruleta-publicitaria-mdf-portatil-para-sorteos#primaryimage\"},\"image\":{\"@id\":\"https:\/\/displaypublicitarios.pe\/?product=ruleta-publicitaria-mdf-portatil-para-sorteos#primaryimage\"},\"thumbnailUrl\":\"https:\/\/displaypublicitarios.pe\/wp-content\/uploads\/2023\/04\/ruleta-mdf.jpeg\",\"datePublished\":\"2023-04-29T02:41:09+00:00\",\"dateModified\":\"2024-04-15T17:13:08+00:00\",\"description\":\"Ruleta Publicitaria MDF Port\u00e1til con estructura de metal. \u00a1Personaliza tu ruleta giratoria y destaca en tus eventos! Escr\u00edbenos al: +51 936 006 335\",\"breadcrumb\":{\"@id\":\"https:\/\/displaypublicitarios.pe\/?product=ruleta-publicitaria-mdf-portatil-para-sorteos#breadcrumb\"},\"inLanguage\":\"es\",\"potentialAction\":[{\"@type\":\"ReadAction\",\"target\":[\"https:\/\/displaypublicitarios.pe\/?product=ruleta-publicitaria-mdf-portatil-para-sorteos\"]}]},{\"@type\":\"ImageObject\",\"inLanguage\":\"es\",\"@id\":\"https:\/\/displaypublicitarios.pe\/?product=ruleta-publicitaria-mdf-portatil-para-sorteos#primaryimage\",\"url\":\"https:\/\/displaypublicitarios.pe\/wp-content\/uploads\/2023\/04\/ruleta-mdf.jpeg\",\"contentUrl\":\"https:\/\/displaypublicitarios.pe\/wp-content\/uploads\/2023\/04\/ruleta-mdf.jpeg\",\"width\":833,\"height\":1111,\"caption\":\"V\"},{\"@type\":\"BreadcrumbList\",\"@id\":\"https:\/\/displaypublicitarios.pe\/?product=ruleta-publicitaria-mdf-portatil-para-sorteos#breadcrumb\",\"itemListElement\":[{\"@type\":\"ListItem\",\"position\":1,\"name\":\"Shop\",\"item\":\"https:\/\/displaypublicitarios.pe\/?page_id=401\"},{\"@type\":\"ListItem\",\"position\":2,\"name\":\"Ruleta Publicitaria MDF Port\u00e1til para Sorteos\"}]},{\"@type\":\"WebSite\",\"@id\":\"https:\/\/displaypublicitarios.pe\/#website\",\"url\":\"https:\/\/displaypublicitarios.pe\/\",\"name\":\"Display Publicitarios\",\"description\":\"Backing Publicitarios - Modulos pvc - Roll screen - Toldos plegables - Pizarra Led\",\"publisher\":{\"@id\":\"https:\/\/displaypublicitarios.pe\/#organization\"},\"potentialAction\":[{\"@type\":\"SearchAction\",\"target\":{\"@type\":\"EntryPoint\",\"urlTemplate\":\"https:\/\/displaypublicitarios.pe\/?s={search_term_string}\"},\"query-input\":{\"@type\":\"PropertyValueSpecification\",\"valueRequired\":true,\"valueName\":\"search_term_string\"}}],\"inLanguage\":\"es\"},{\"@type\":\"Organization\",\"@id\":\"https:\/\/displaypublicitarios.pe\/#organization\",\"name\":\"Display Publicitarios\",\"url\":\"https:\/\/displaypublicitarios.pe\/\",\"logo\":{\"@type\":\"ImageObject\",\"inLanguage\":\"es\",\"@id\":\"https:\/\/displaypublicitarios.pe\/#\/schema\/logo\/image\/\",\"url\":\"https:\/\/displaypublicitarios.pe\/wp-content\/uploads\/2023\/04\/Recurso-1.png\",\"contentUrl\":\"https:\/\/displaypublicitarios.pe\/wp-content\/uploads\/2023\/04\/Recurso-1.png\",\"width\":244,\"height\":73,\"caption\":\"Display Publicitarios\"},\"image\":{\"@id\":\"https:\/\/displaypublicitarios.pe\/#\/schema\/logo\/image\/\"},\"sameAs\":[\"https:\/\/www.facebook.com\/parantespublicitarios?ref=hl\"]}]}<\/script>\n<!-- \/ Yoast SEO plugin. -->","yoast_head_json":{"title":"Ruleta Publicitaria MDF Port\u00e1til para Sorteos - Display Publicitarios","description":"Ruleta Publicitaria MDF Port\u00e1til con estructura de metal. \u00a1Personaliza tu ruleta giratoria y destaca en tus eventos! Escr\u00edbenos al: +51 936 006 335","robots":{"index":"index","follow":"follow","max-snippet":"max-snippet:-1","max-image-preview":"max-image-preview:large","max-video-preview":"max-video-preview:-1"},"canonical":"https:\/\/displaypublicitarios.pe\/?product=ruleta-publicitaria-mdf-portatil-para-sorteos","og_locale":"es_ES","og_type":"article","og_title":"Ruleta Publicitaria MDF Port\u00e1til para Sorteos - Display Publicitarios","og_description":"Ruleta Publicitaria MDF Port\u00e1til con estructura de metal. \u00a1Personaliza tu ruleta giratoria y destaca en tus eventos! Escr\u00edbenos al: +51 936 006 335","og_url":"https:\/\/displaypublicitarios.pe\/?product=ruleta-publicitaria-mdf-portatil-para-sorteos","og_site_name":"Display Publicitarios","article_publisher":"https:\/\/www.facebook.com\/parantespublicitarios?ref=hl","article_modified_time":"2024-04-15T17:13:08+00:00","og_image":[{"width":833,"height":1111,"url":"https:\/\/displaypublicitarios.pe\/wp-content\/uploads\/2023\/04\/ruleta-mdf.jpeg","type":"image\/jpeg"}],"twitter_card":"summary_large_image","schema":{"@context":"https:\/\/schema.org","@graph":[{"@type":"WebPage","@id":"https:\/\/displaypublicitarios.pe\/?product=ruleta-publicitaria-mdf-portatil-para-sorteos","url":"https:\/\/displaypublicitarios.pe\/?product=ruleta-publicitaria-mdf-portatil-para-sorteos","name":"Ruleta Publicitaria MDF Port\u00e1til para Sorteos - Display Publicitarios","isPartOf":{"@id":"https:\/\/displaypublicitarios.pe\/#website"},"primaryImageOfPage":{"@id":"https:\/\/displaypublicitarios.pe\/?product=ruleta-publicitaria-mdf-portatil-para-sorteos#primaryimage"},"image":{"@id":"https:\/\/displaypublicitarios.pe\/?product=ruleta-publicitaria-mdf-portatil-para-sorteos#primaryimage"},"thumbnailUrl":"https:\/\/displaypublicitarios.pe\/wp-content\/uploads\/2023\/04\/ruleta-mdf.jpeg","datePublished":"2023-04-29T02:41:09+00:00","dateModified":"2024-04-15T17:13:08+00:00","description":"Ruleta Publicitaria MDF Port\u00e1til con estructura de metal. \u00a1Personaliza tu ruleta giratoria y destaca en tus eventos! Escr\u00edbenos al: +51 936 006 335","breadcrumb":{"@id":"https:\/\/displaypublicitarios.pe\/?product=ruleta-publicitaria-mdf-portatil-para-sorteos#breadcrumb"},"inLanguage":"es","potentialAction":[{"@type":"ReadAction","target":["https:\/\/displaypublicitarios.pe\/?product=ruleta-publicitaria-mdf-portatil-para-sorteos"]}]},{"@type":"ImageObject","inLanguage":"es","@id":"https:\/\/displaypublicitarios.pe\/?product=ruleta-publicitaria-mdf-portatil-para-sorteos#primaryimage","url":"https:\/\/displaypublicitarios.pe\/wp-content\/uploads\/2023\/04\/ruleta-mdf.jpeg","contentUrl":"https:\/\/displaypublicitarios.pe\/wp-content\/uploads\/2023\/04\/ruleta-mdf.jpeg","width":833,"height":1111,"caption":"V"},{"@type":"BreadcrumbList","@id":"https:\/\/displaypublicitarios.pe\/?product=ruleta-publicitaria-mdf-portatil-para-sorteos#breadcrumb","itemListElement":[{"@type":"ListItem","position":1,"name":"Shop","item":"https:\/\/displaypublicitarios.pe\/?page_id=401"},{"@type":"ListItem","position":2,"name":"Ruleta Publicitaria MDF Port\u00e1til para Sorteos"}]},{"@type":"WebSite","@id":"https:\/\/displaypublicitarios.pe\/#website","url":"https:\/\/displaypublicitarios.pe\/","name":"Display Publicitarios","description":"Backing Publicitarios - Modulos pvc - Roll screen - Toldos plegables - Pizarra Led","publisher":{"@id":"https:\/\/displaypublicitarios.pe\/#organization"},"potentialAction":[{"@type":"SearchAction","target":{"@type":"EntryPoint","urlTemplate":"https:\/\/displaypublicitarios.pe\/?s={search_term_string}"},"query-input":{"@type":"PropertyValueSpecification","valueRequired":true,"valueName":"search_term_string"}}],"inLanguage":"es"},{"@type":"Organization","@id":"https:\/\/displaypublicitarios.pe\/#organization","name":"Display Publicitarios","url":"https:\/\/displaypublicitarios.pe\/","logo":{"@type":"ImageObject","inLanguage":"es","@id":"https:\/\/displaypublicitarios.pe\/#\/schema\/logo\/image\/","url":"https:\/\/displaypublicitarios.pe\/wp-content\/uploads\/2023\/04\/Recurso-1.png","contentUrl":"https:\/\/displaypublicitarios.pe\/wp-content\/uploads\/2023\/04\/Recurso-1.png","width":244,"height":73,"caption":"Display Publicitarios"},"image":{"@id":"https:\/\/displaypublicitarios.pe\/#\/schema\/logo\/image\/"},"sameAs":["https:\/\/www.facebook.com\/parantespublicitarios?ref=hl"]}]}},"uagb_featured_image_src":{"full":["https:\/\/displaypublicitarios.pe\/wp-content\/uploads\/2023\/04\/ruleta-mdf.jpeg",833,1111,false],"thumbnail":["https:\/\/displaypublicitarios.pe\/wp-content\/uploads\/2023\/04\/ruleta-mdf-150x150.jpeg",150,150,true],"medium":["https:\/\/displaypublicitarios.pe\/wp-content\/uploads\/2023\/04\/ruleta-mdf-225x300.jpeg",225,300,true],"medium_large":["https:\/\/displaypublicitarios.pe\/wp-content\/uploads\/2023\/04\/ruleta-mdf-768x1024.jpeg",768,1024,true],"large":["https:\/\/displaypublicitarios.pe\/wp-content\/uploads\/2023\/04\/ruleta-mdf-768x1024.jpeg",768,1024,true],"1536x1536":["https:\/\/displaypublicitarios.pe\/wp-content\/uploads\/2023\/04\/ruleta-mdf.jpeg",833,1111,false],"2048x2048":["https:\/\/displaypublicitarios.pe\/wp-content\/uploads\/2023\/04\/ruleta-mdf.jpeg",833,1111,false],"woocommerce_thumbnail":["https:\/\/displaypublicitarios.pe\/wp-content\/uploads\/2023\/04\/ruleta-mdf-300x400.jpeg",300,400,true],"woocommerce_single":["https:\/\/displaypublicitarios.pe\/wp-content\/uploads\/2023\/04\/ruleta-mdf-600x800.jpeg",600,800,true],"woocommerce_gallery_thumbnail":["https:\/\/displaypublicitarios.pe\/wp-content\/uploads\/2023\/04\/ruleta-mdf-100x100.jpeg",100,100,true]},"uagb_author_info":{"display_name":"admin","author_link":"https:\/\/displaypublicitarios.pe\/?author=0"},"uagb_comment_info":0,"uagb_excerpt":"Ruleta MDF con su brandeo, estructura todo en material MDF.\u00a0 \u00a1Personaliza tu ruleta giratoria para destacar en tus campa\u00f1as de Marketing y eventos corporativos! - Venta por Internet. - Stock Disponible. - Incluye Impresi\u00f3n Publicidad. - R\u00e1pido y f\u00e1cil armado. Producto con garant\u00eda de entrega.\u00a0 \u00a0 \u00a0Env\u00edos a todo el Per\u00fa.","_links":{"self":[{"href":"https:\/\/displaypublicitarios.pe\/index.php?rest_route=\/wp\/v2\/product\/4844","targetHints":{"allow":["GET"]}}],"collection":[{"href":"https:\/\/displaypublicitarios.pe\/index.php?rest_route=\/wp\/v2\/product"}],"about":[{"href":"https:\/\/displaypublicitarios.pe\/index.php?rest_route=\/wp\/v2\/types\/product"}],"wp:featuredmedia":[{"embeddable":true,"href":"https:\/\/displaypublicitarios.pe\/index.php?rest_route=\/wp\/v2\/media\/4981"}],"wp:attachment":[{"href":"https:\/\/displaypublicitarios.pe\/index.php?rest_route=%2Fwp%2Fv2%2Fmedia&parent=4844"}],"wp:term":[{"taxonomy":"product_brand","embeddable":true,"href":"https:\/\/displaypublicitarios.pe\/index.php?rest_route=%2Fwp%2Fv2%2Fproduct_brand&post=4844"},{"taxonomy":"product_cat","embeddable":true,"href":"https:\/\/displaypublicitarios.pe\/index.php?rest_route=%2Fwp%2Fv2%2Fproduct_cat&post=4844"},{"taxonomy":"product_tag","embeddable":true,"href":"https:\/\/displaypublicitarios.pe\/index.php?rest_route=%2Fwp%2Fv2%2Fproduct_tag&post=4844"}],"curies":[{"name":"wp","href":"https:\/\/api.w.org\/{rel}","templated":true}]}}